{"id":408,"date":"2018-11-15T09:14:23","date_gmt":"2018-11-15T09:14:23","guid":{"rendered":"https:\/\/demo.everestthemes.com\/everestnews\/demo\/everest-news-pro-i\/?page_id=408"},"modified":"2022-03-13T19:33:14","modified_gmt":"2022-03-13T19:33:14","slug":"about-us","status":"publish","type":"page","link":"https:\/\/nadaa.info\/?page_id=408","title":{"rendered":"About Us"},"content":{"rendered":"<p style=\"text-align: left;\"><img loading=\"lazy\" decoding=\"async\" class=\"size-medium wp-image-1460 alignleft\" src=\"https:\/\/nadaa.info\/wp-content\/uploads\/2022\/03\/1-265x300.jpg\" alt=\"\" width=\"265\" height=\"300\" srcset=\"https:\/\/nadaa.info\/wp-content\/uploads\/2022\/03\/1-265x300.jpg 265w, https:\/\/nadaa.info\/wp-content\/uploads\/2022\/03\/1-904x1024.jpg 904w, https:\/\/nadaa.info\/wp-content\/uploads\/2022\/03\/1-768x870.jpg 768w, https:\/\/nadaa.info\/wp-content\/uploads\/2022\/03\/1.jpg 991w\" sizes=\"auto, (max-width: 265px) 100vw, 265px\" \/><\/p>\n<p style=\"text-align: left;\">Nada Aboud<br \/>\nPers\u00f6nliche Daten<br \/>\nName\u00a0 Nada Aboud<br \/>\nGeburtsdaten 03.08.1977 in Homs Syrien<br \/>\nWebsite www.nadaa.info<\/p>\n<p style=\"text-align: left;\">Berufserfahrung<br \/>\n2011-2016 k\u00fcnstlerin in Frauenkunstwerkstatt _ M\u00fcnchen<br \/>\n2008-2009\u00a0 ihreEigeneGaleriein Homs _ Syrien<br \/>\n2007\u00a0 DekorationsDesignerinund Werbung in Qatar.<br \/>\n2006\u00a0 kunstLehrerin ineinerprivatenUniversit\u00e4tinHoms-<br \/>\nSyrien.f\u00fcrBildhauerkunst , Kunstbildung, Material<br \/>\nKunst (Grundausbildungf\u00fcrkunst) (kunstGrundausbildung).<br \/>\n2005-2006 kunstLehrerin in Institutf\u00fcrLehrervorbereitung.<br \/>\n2004-2005 kunstLehrerin in (UNRWA)in Damaskus.<br \/>\nMoededesignerin (Fashoin und Schm\u00fcck) in<br \/>\nDamaskus.<br \/>\n1997-2002\u00a0 beimGanof\u00fcr Designer und Werbung<\/p>\n<p style=\"text-align: left;\">Kunstaktivit\u00e4ten<br \/>\nKunstausstellungin Damaskus-Syrien 2002<br \/>\nKunstausstellung in Beirut- Libanon 2003<br \/>\nKunstausstellung in Amman-Jordanien 2003<br \/>\nKunstausstellung in Hom-Syrien 2004-2005<br \/>\nKunstausstellung in Al Doha-Qatar\u00a0 2007<br \/>\nKunstausstellung in M\u00fcnchen-Deutschland\u00a0 2011 in<br \/>\nSall der InitiativGruppe,Karlstr.48\/50 M\u00fcnchen.<\/p>\n<p style=\"text-align: left;\">Ausbildung<br \/>\n2001-2002 Qualifikationsdiplomin Psychologievon der<br \/>\nDamaskusUniversit\u00e4t.<br \/>\n1995-2000\u00a0 Fakult\u00e4tf\u00fcrBildendeKunst , Abteilungf\u00fcr<br \/>\nVisuelleKommunikationin Damaskus-Syrien.<br \/>\n1992-1994 Gymnasium Schule Homs-Syrien<br \/>\nAbitur<\/p>\n<p style=\"text-align: left;\">Kenntnisseund Interessen<br \/>\nFremdsprachen\u00a0 \u00a0Arabisch (Muttersprache)<br \/>\nDeutsch ( Grundkenntnisse)<\/p>\n<p style=\"text-align: left;\">IT \u2013 kenntnisse ICDL Level<br \/>\nPhotoshop<br \/>\nHobbysMusikh\u00f6ren _Tanzen_Lesen<\/p>\n<p style=\"text-align: left;\"><img loading=\"lazy\" decoding=\"async\" class=\"size-medium wp-image-1445 alignleft\" src=\"https:\/\/nadaa.info\/wp-content\/uploads\/2022\/03\/cover-14.062x9.860-NADA-159x300.jpg\" alt=\"\" width=\"159\" height=\"300\" srcset=\"https:\/\/nadaa.info\/wp-content\/uploads\/2022\/03\/cover-14.062x9.860-NADA-159x300.jpg 159w, https:\/\/nadaa.info\/wp-content\/uploads\/2022\/03\/cover-14.062x9.860-NADA-544x1024.jpg 544w, https:\/\/nadaa.info\/wp-content\/uploads\/2022\/03\/cover-14.062x9.860-NADA.jpg 702w\" sizes=\"auto, (max-width: 159px) 100vw, 159px\" \/><\/p>\n<p style=\"text-align: left;\">Nationality: Syrian Arab, born in 1977, living in Munich, Germany.<br \/>\nNada graduated from the Faculty of Fine Arts in Damascus, Department of Visual Communication (Advertising) in 2000, and got a qualification diploma in Psychology from the Damascus University, and a member of the Union of Fine Artists in Damascus.<\/p>\n<p style=\"text-align: left;\">Work Experience<br \/>\nNada worked as an art teacher at a private university in Syria. She also taught at the Institute of Teachers Preparation, Drawing Department , and at the UNRWA in Syria.<\/p>\n<p style=\"text-align: left;\">Art Activities<br \/>\nNada participated in many group exhibitions and events, and held many individual exhibitions in several countries including (Syria 2002 &#8211; Lebanon 2003 &#8211; Jordan 2003 &#8211; Qatar 2007 &#8211; Germany 2010) and her works were acquired by educational and cultural institutions and associations of the arts and within private groups and galleries in many Arab countries and Germany.<br \/>\nNada is working on a volunteer project that aims to invest the Internet culture in art due to the chaos in the mentality of middle-aged individuals. This project is considered an introduction towards youth and society and it is an individual project and needs material and moral support, especially by those who have great practical capabilities and interests in art.<\/p>\n<p style=\"text-align: left;\"><strong>Nada Abboud\u2019s Opinions<\/strong><br \/>\nNada says: She does not see herself in a specific school despite her studies of all art schools from primitive art to modern one, but her orientation was not for a specific school, perhaps at first she was influenced by expression and impression school until she was focused on the principle of psychological simulation in forms and shapes and highlighting the case of anxiety and calm with space and shape together until she found herself immersed in the worlds of \u201cthe psychological school\u201d as she called it, she sees that no artist<br \/>\nAbout the Fine Artist Nada Abboud<br \/>\ncan control the course of his\/ her style away from the influence of the self, because the psychological condition is what leads everyone. Thus, nobody can always be on the same line like happy, sad, or always brutal, romantic, element shorthand, classic, cubic, and so on.<br \/>\nShe believes that if she linked the art style to a specific school, as if it were sized whereas art cannot be sized or framed. And this is what distinguishes the psychological school the most; freedom, diving, depth, and research in the beauty of works, shapes, spaces, and style of expression, so repetition does not occur. Diversity itself is an art and art that evolves with this case of affairs. The artist must develop his\/ her visual and artistic tools and culture and search for everything new to serve this psychological condition while preserving his\/ her personality in the work that is his\/ her personal signature and fingerprint. Nada had to call it \u201cpsychological school\u201d just to make her point no more and communicate what she wanted to say.<br \/>\nNada does not like anyone asserting that her style is directed towards any school, as she is the daughter of a psychological world which its details formed and determined her human, cognitive and artistic conscience and provided her with a great deal of visual space in herself and her depth and she sees herself that she is framed with this spirit to which she belongs.<br \/>\nCertainly, every human being is the son of his environment, no matter how many years pass and go away. It remains present in his memory and imagination, his character is dyed and painted in its colours, the chances of any artist of us lies in this memory, which is an archive of our work and our mind.<br \/>\nAs for Nada&#8217;s subjects, she does not choose the idea but rather the idea chooses which means that psychological condition leads her, and she does not like to specify a reason or time to draw. She begins with an idea and ends with another and she is satisfied with this result because it comes mixed with sincere and spontaneous feelings and leaves a stronger impact on herself, she draws because she feels she just wants to draw.<br \/>\nNada&#8217;s work overflows with sentimental sense, human warmth and a dreamy atmosphere, and her work ranges between details that enrich the work and shorthand and symbols that give eloquence and depth to her works, and because Nada Aboud is Syrian and Arab of identity and passion, she has included in the components of the painting and its elements those structures that highlight the Syrian Damascene personality with its roots blow in the depth of Arab civilization and ancient Arabic calligraphy.<br \/>\nWhen we look at most of her works, we find as if we are reading colour and poetic work, as we see that the female is the heroin of most of her works. She sees that the female possesses these vast areas of love, giving, warmth, beauty, peace and calm. Female is a sparkling creature like a star that illuminates our sky and the darkness of our nights on the psychological and human level. As for her existence as an artistic element, it enriches the work and raises the importance of its humanity and represents a major element in the overall artistic vision. The female is the mother, the woman, the motherland, the dream, and<br \/>\nthe hope, and she is the novel for everything she wants to say and serves the work and the idea in an intimate relationship with the nature of the painting.<br \/>\nNada sees that recently the painting has become less noisy in terms of line and colour, as she sees that the spirit needs this stillness, perhaps because the spaces of memories are becoming more distant, she does not really know, but she is certain that she will not jump with her painting to adopt a certain thought or direction because The commercial market needs such arts. Rather, time, work, and experience are the guarantors of the path of each artistic work, and its artistic identity and lines of personality and entity are the main pillar and source of the strength of the artwork.<br \/>\nThe artistic concern that Nada occupies is the manifestation of her identity and spirit, the presence of her creative creativity within her works, her keenness to renew and draw and live her own world with her own feelings, even if she was prevented from exhibiting her works,<\/p>\n<p style=\"text-align: left;\">Nada believes that every activity or gathering she is invited to is a return to life for her, especially in this period in which every activity is very important because it confirms that she is the daughter of a people who loves life and knows how to harness difficult circumstances to put beauty, creativity and art. All the negative deposits that are cast upon us as Syrian people bring them creativity, beauty and art from the womb of suffering.<br \/>\nAll what Nada wishes would be if the fine artists, institutions and officials here in Germany offer initiatives to take advantage of their artistic potential and receive support and attention from them.<br \/>\nFine artist, Nada Abboud, who has a long experience, is within her very difficult health conditions, and despite that she possesses creativity and tries to work and strive to present valuable art and needs someone who holds her hand and supports her spiritually and financially, whether from educational and cultural institutions or by people and artists, professors and those interested in fine art, and this requires honesty at work and sincerity on the part of all to gain benefit at all levels. As Nada confirms that as a fine artist, she definitely needs someone to support her by the competent authorities, stating that private halls are required today to resume their activities to push the fine art movement forward since they have made benefit from them in times of prosperity and have made huge profits through the investment of them.<br \/>\nThe fine artist, Nada Abboud expresses her optimism in the Syrian-German fine art movement and that she will take the position she deserves on the global level with the important individual and creative talents and capabilities she possesses, as well as with her good experience in addition to the well-known names inside Syria and Germany and outside them<\/p>\n<p><img loading=\"lazy\" decoding=\"async\" class=\"alignnone wp-image-1453\" src=\"https:\/\/nadaa.info\/wp-content\/uploads\/2022\/03\/1530526645012-300x225.png\" alt=\"\" width=\"359\" height=\"269\" srcset=\"https:\/\/nadaa.info\/wp-content\/uploads\/2022\/03\/1530526645012-300x225.png 300w, https:\/\/nadaa.info\/wp-content\/uploads\/2022\/03\/1530526645012-1024x768.png 1024w, https:\/\/nadaa.info\/wp-content\/uploads\/2022\/03\/1530526645012-768x576.png 768w, https:\/\/nadaa.info\/wp-content\/uploads\/2022\/03\/1530526645012.png 1280w\" sizes=\"auto, (max-width: 359px) 100vw, 359px\" \/><img loading=\"lazy\" decoding=\"async\" class=\"alignnone wp-image-1461\" src=\"https:\/\/nadaa.info\/wp-content\/uploads\/2022\/03\/6-146x300.jpg\" alt=\"\" width=\"131\" height=\"269\" srcset=\"https:\/\/nadaa.info\/wp-content\/uploads\/2022\/03\/6-146x300.jpg 146w, https:\/\/nadaa.info\/wp-content\/uploads\/2022\/03\/6-498x1024.jpg 498w, https:\/\/nadaa.info\/wp-content\/uploads\/2022\/03\/6-768x1581.jpg 768w, https:\/\/nadaa.info\/wp-content\/uploads\/2022\/03\/6-746x1536.jpg 746w, https:\/\/nadaa.info\/wp-content\/uploads\/2022\/03\/6-995x2048.jpg 995w, https:\/\/nadaa.info\/wp-content\/uploads\/2022\/03\/6-1024x2108.jpg 1024w, https:\/\/nadaa.info\/wp-content\/uploads\/2022\/03\/6-scaled.jpg 1244w\" sizes=\"auto, (max-width: 131px) 100vw, 131px\" \/><img loading=\"lazy\" decoding=\"async\" class=\"alignnone wp-image-1460\" src=\"https:\/\/nadaa.info\/wp-content\/uploads\/2022\/03\/1-265x300.jpg\" alt=\"\" width=\"237\" height=\"268\" srcset=\"https:\/\/nadaa.info\/wp-content\/uploads\/2022\/03\/1-265x300.jpg 265w, https:\/\/nadaa.info\/wp-content\/uploads\/2022\/03\/1-904x1024.jpg 904w, https:\/\/nadaa.info\/wp-content\/uploads\/2022\/03\/1-768x870.jpg 768w, https:\/\/nadaa.info\/wp-content\/uploads\/2022\/03\/1.jpg 991w\" sizes=\"auto, (max-width: 237px) 100vw, 237px\" \/><\/p>\n<p>&nbsp;<\/p>\n","protected":false},"excerpt":{"rendered":"<p>Nada Aboud Pers\u00f6nliche Daten Name\u00a0 Nada Aboud Geburtsdaten 03.08.1977 in Homs Syrien Website www.nadaa.info Berufserfahrung 2011-2016 k\u00fcnstlerin in Frauenkunstwerkstatt _ M\u00fcnchen 2008-2009\u00a0 ihreEigeneGaleriein Homs _ Syrien 2007\u00a0 DekorationsDesignerinund Werbung in Qatar. 2006\u00a0 kunstLehrerin ineinerprivatenUniversit\u00e4tinHoms- Syrien.f\u00fcrBildhauerkunst , Kunstbildung, Material Kunst (Grundausbildungf\u00fcrkunst) (kunstGrundausbildung). 2005-2006 kunstLehrerin in Institutf\u00fcrLehrervorbereitung. 2004-2005 kunstLehrerin in (UNRWA)in Damaskus. Moededesignerin (Fashoin und Schm\u00fcck) in [&hellip;]<\/p>\n","protected":false},"author":1,"featured_media":73,"parent":0,"menu_order":0,"comment_status":"closed","ping_status":"closed","template":"","meta":{"_monsterinsights_skip_tracking":false,"_monsterinsights_sitenote_active":false,"_monsterinsights_sitenote_note":"","_monsterinsights_sitenote_category":0,"footnotes":""},"class_list":["post-408","page","type-page","status-publish","has-post-thumbnail","hentry"],"aioseo_notices":[],"_links":{"self":[{"href":"https:\/\/nadaa.info\/index.php?rest_route=\/wp\/v2\/pages\/408","targetHints":{"allow":["GET"]}}],"collection":[{"href":"https:\/\/nadaa.info\/index.php?rest_route=\/wp\/v2\/pages"}],"about":[{"href":"https:\/\/nadaa.info\/index.php?rest_route=\/wp\/v2\/types\/page"}],"author":[{"embeddable":true,"href":"https:\/\/nadaa.info\/index.php?rest_route=\/wp\/v2\/users\/1"}],"replies":[{"embeddable":true,"href":"https:\/\/nadaa.info\/index.php?rest_route=%2Fwp%2Fv2%2Fcomments&post=408"}],"version-history":[{"count":5,"href":"https:\/\/nadaa.info\/index.php?rest_route=\/wp\/v2\/pages\/408\/revisions"}],"predecessor-version":[{"id":1641,"href":"https:\/\/nadaa.info\/index.php?rest_route=\/wp\/v2\/pages\/408\/revisions\/1641"}],"wp:featuredmedia":[{"embeddable":true,"href":"https:\/\/nadaa.info\/index.php?rest_route=\/"}],"wp:attachment":[{"href":"https:\/\/nadaa.info\/index.php?rest_route=%2Fwp%2Fv2%2Fmedia&parent=408"}],"curies":[{"name":"wp","href":"https:\/\/api.w.org\/{rel}","templated":true}]}}